{"id":1708,"date":"2025-01-27T14:53:22","date_gmt":"2025-01-27T14:53:22","guid":{"rendered":"https:\/\/www.avanti.swiss\/?page_id=1708"},"modified":"2025-02-19T09:11:20","modified_gmt":"2025-02-19T09:11:20","slug":"inspira","status":"publish","type":"page","link":"https:\/\/www.avanti.swiss\/it\/inspira\/","title":{"rendered":"Inspira"},"content":{"rendered":"<section class=\"block block-article-hero gutters \" >\n    <div class=\"container\">\n        <div class=\"wrap\">\n                        <h1 class=\"title\">Tutta la magia della ristorazione in Ticino<\/h1>\n            <div class=\"description\">\n                <p><strong>\u00c8 finalmente disponibile il secondo video della campagna Avanti! Scopri come il grande chef Dario Ranza con un team di innegabile talento trasforma un normalissimo parco in un luogo magico a conferma di tutta la creativit\u00e0, lo spirito di squadra e la passione che contraddistinguono il settore della ristorazione.<\/strong><\/p>\n            <\/div>\n            <div class=\"row\">\n                <div class=\"col-6 date\">\n                                    <\/div>\n                <div class=\"col-6 contacts\">\n                                    <\/div>\n            <\/div>\n        <\/div>\n    <\/div>\n<\/section>\n\n<section class=\"block block-slick-gallery \">\n    <div class=\"container gutters\">\n        <div class=\"cards slick\">\n                            <div class=\"card video\">\n                                            <video loop  poster=\"https:\/\/www.avanti.swiss\/wp-content\/uploads\/2025\/01\/Avanti_IT_Ranza2.png\" >\n                            <source src=\"https:\/\/www.avanti.swiss\/wp-content\/uploads\/2025\/01\/250115_GS_LUGANO_16_9_1080p_150mb.mp4\" type=\"video\/mp4\">\n                        <\/video>\n                                                            <\/div>\n                            <div class=\"card \">\n                                                                                <img loading=\"lazy\" decoding=\"async\" width=\"1622\" height=\"908\" src=\"https:\/\/www.avanti.swiss\/wp-content\/uploads\/2025\/01\/Avanti_IT_Gaeste2.png\" class=\"attachment-full size-full\" alt=\"\" srcset=\"https:\/\/www.avanti.swiss\/wp-content\/uploads\/2025\/01\/Avanti_IT_Gaeste2.png 1622w, https:\/\/www.avanti.swiss\/wp-content\/uploads\/2025\/01\/Avanti_IT_Gaeste2-300x168.png 300w, https:\/\/www.avanti.swiss\/wp-content\/uploads\/2025\/01\/Avanti_IT_Gaeste2-1024x573.png 1024w, https:\/\/www.avanti.swiss\/wp-content\/uploads\/2025\/01\/Avanti_IT_Gaeste2-768x430.png 768w, https:\/\/www.avanti.swiss\/wp-content\/uploads\/2025\/01\/Avanti_IT_Gaeste2-1536x860.png 1536w\" sizes=\"auto, (max-width: 1622px) 100vw, 1622px\" \/>                                                                                        <\/div>\n                            <div class=\"card \">\n                                                                                <img loading=\"lazy\" decoding=\"async\" width=\"1617\" height=\"906\" src=\"https:\/\/www.avanti.swiss\/wp-content\/uploads\/2025\/01\/Avanti_IT_Setting.png\" class=\"attachment-full size-full\" alt=\"\" srcset=\"https:\/\/www.avanti.swiss\/wp-content\/uploads\/2025\/01\/Avanti_IT_Setting.png 1617w, https:\/\/www.avanti.swiss\/wp-content\/uploads\/2025\/01\/Avanti_IT_Setting-300x168.png 300w, https:\/\/www.avanti.swiss\/wp-content\/uploads\/2025\/01\/Avanti_IT_Setting-1024x574.png 1024w, https:\/\/www.avanti.swiss\/wp-content\/uploads\/2025\/01\/Avanti_IT_Setting-768x430.png 768w, https:\/\/www.avanti.swiss\/wp-content\/uploads\/2025\/01\/Avanti_IT_Setting-1536x861.png 1536w\" sizes=\"auto, (max-width: 1617px) 100vw, 1617px\" \/>                                                                                        <\/div>\n                            <div class=\"card \">\n                                                                                <img loading=\"lazy\" decoding=\"async\" width=\"1615\" height=\"906\" src=\"https:\/\/www.avanti.swiss\/wp-content\/uploads\/2025\/01\/Avanti_IT_MissionG_Crew.png\" class=\"attachment-full size-full\" alt=\"\" srcset=\"https:\/\/www.avanti.swiss\/wp-content\/uploads\/2025\/01\/Avanti_IT_MissionG_Crew.png 1615w, https:\/\/www.avanti.swiss\/wp-content\/uploads\/2025\/01\/Avanti_IT_MissionG_Crew-300x168.png 300w, https:\/\/www.avanti.swiss\/wp-content\/uploads\/2025\/01\/Avanti_IT_MissionG_Crew-1024x574.png 1024w, https:\/\/www.avanti.swiss\/wp-content\/uploads\/2025\/01\/Avanti_IT_MissionG_Crew-768x431.png 768w, https:\/\/www.avanti.swiss\/wp-content\/uploads\/2025\/01\/Avanti_IT_MissionG_Crew-1536x862.png 1536w\" sizes=\"auto, (max-width: 1615px) 100vw, 1615px\" \/>                                                                                        <\/div>\n                    <\/div>\n    <\/div>\n<\/section>\n\n\n<section class=\"block block-image-and-text gutters  \">\n    <div class=\"container\">\n        <div class=\"row\">\n            <div class=\"col-12 col-md-5\">\n                                    <div class=\"image\">\n                        <img loading=\"lazy\" decoding=\"async\" width=\"748\" height=\"1024\" src=\"https:\/\/www.avanti.swiss\/wp-content\/uploads\/2025\/02\/Avanti_IT_BTS4-748x1024.jpg\" class=\"attachment-large size-large\" alt=\"\" srcset=\"https:\/\/www.avanti.swiss\/wp-content\/uploads\/2025\/02\/Avanti_IT_BTS4-748x1024.jpg 748w, https:\/\/www.avanti.swiss\/wp-content\/uploads\/2025\/02\/Avanti_IT_BTS4-219x300.jpg 219w, https:\/\/www.avanti.swiss\/wp-content\/uploads\/2025\/02\/Avanti_IT_BTS4-768x1051.jpg 768w, https:\/\/www.avanti.swiss\/wp-content\/uploads\/2025\/02\/Avanti_IT_BTS4.jpg 858w\" sizes=\"auto, (max-width: 748px) 100vw, 748px\" \/>                    <\/div>\n                            <\/div>\n            <div class=\"col-12 col-md-7\">\n                <div class=\"text\">\n                    <h2>La campagna Avanti! per il futuro dell\u2019albergheria-ristorazione<\/h2>\n<p>L\u2019albergheria-ristorazione \u00e8 molto pi\u00f9 di un semplice lavoro, \u00e8 una passione che unisce e crea ricordi indimenticabili. Ogni visita in un ristorante, bar o albergo \u00e8 un\u2019esperienza unica fatta di attenzione, dedizione e ospitalit\u00e0.<\/p>\n<p>Avanti! ti invita a scoprire un mondo ricco di opportunit\u00e0, caratterizzato da momenti e incontri unici. L\u2019albergheria-ristorazione \u00e8 un palcoscenico perfetto per i talenti che vogliono vivere la loro professione con creativit\u00e0 e passione.<\/p>\n<p>Con Avanti! vogliamo migliorare l\u2019immagine del settore, attirare nuovi talenti e offrire condizioni di lavoro pi\u00f9 attrattive. Insieme a partner e personalit\u00e0 di spicco come Dario Ranza intendiamo evidenziare le potenzialit\u00e0 offerte da questo settore tanto amato e reclutare attivamente personale qualificato.<\/p>\n<p>L\u2019albergheria-ristorazione \u00e8 pi\u00f9 di una professione, \u00e8 una vocazione. Le persone dietro le quinte creano e regalano esperienze che vanno ben oltre il momento. Diventa parte di un settore vivace e creativo, capace di arricchire la quotidianit\u00e0 e rafforzare la coesione sociale!<\/p>\n<p>Questo fermento non si ferma in Ticino. La campagna Avanti! ha gi\u00e0 dato risalto alla variet\u00e0 e al potenziale della ristorazione in Svizzera romanda. Prossimamente lo far\u00e0 anche in Svizzera tedesca con un nuovo format.<\/p>\n                <\/div>\n            <\/div>\n        <\/div>\n    <\/div>\n<\/section>\n\n\n<div class=\"block block-heading gutters\">\n<h2 class=\"wp-block-heading\">Dietro le quinte<\/h2>\n<\/div>\n\n<div class=\"block block-paragraph gutters\">\n<p>Desideri sapere come \u00e8 stato creato questo magico posto? Guarda i nostri video per scoprire cosa \u00e8 successo sul set durante le riprese: comicit\u00e0, fantasia e tutto l\u2019entusiasmo del team. Questi video ti permettono di dare in esclusiva un\u2019occhiata dietro le quinte e di renderti conto di tutto l\u2019impegno e la passione che si celano in questa campagna.<\/p>\n<\/div>\n\n    <div class=\"video_container_wrapper\">\r\n        <div class=\"video_container_inn\">\r\n                            <div class=\"video_block\">\r\n                    <video \r\n                        id=\"video-player-0\" \r\n                        class=\"video-js vjs-matrix video-content\" \r\n                        playsinline\r\n                        preload=\"auto\">\r\n                        <source src=\"https:\/\/www.avanti.swiss\/wp-content\/uploads\/2025\/01\/GS_Zusatzcontent_Lugano_V03_01.mp4\" type=\"video\/mp4\">\r\n                        Your browser does not support the video tag.\r\n                    <\/video>\r\n                <\/div>\r\n                                <div class=\"video_block\">\r\n                    <video \r\n                        id=\"video-player-1\" \r\n                        class=\"video-js vjs-matrix video-content\" \r\n                        playsinline\r\n                        preload=\"auto\">\r\n                        <source src=\"https:\/\/www.avanti.swiss\/wp-content\/uploads\/2025\/01\/GS_Zusatzcontent_Lugano_V03_02.mp4\" type=\"video\/mp4\">\r\n                        Your browser does not support the video tag.\r\n                    <\/video>\r\n                <\/div>\r\n                                <div class=\"video_block\">\r\n                    <video \r\n                        id=\"video-player-2\" \r\n                        class=\"video-js vjs-matrix video-content\" \r\n                        playsinline\r\n                        preload=\"auto\">\r\n                        <source src=\"https:\/\/www.avanti.swiss\/wp-content\/uploads\/2025\/01\/GS_Zusatzcontent_Lugano_V03_03.mp4\" type=\"video\/mp4\">\r\n                        Your browser does not support the video tag.\r\n                    <\/video>\r\n                <\/div>\r\n                        <\/div>\r\n    <\/div>\r\n\n\n<section class=\"block block-banner gutters color-\">\n    <div class=\"container\">\n        <div class=\"text\">\n            <p>Gastronomia, la nostra passione!<\/p>\n        <\/div>\n                    <div class=\"button-wrap\">\n                <a href=\"https:\/\/www.avanti.swiss\/it\/futuro\/\" class=\"button secondary black\" ><span><svg width=\"47\" height=\"29\" viewBox=\"0 0 47 29\" fill=\"none\" xmlns=\"http:\/\/www.w3.org\/2000\/svg\">\n<path d=\"M3.5 14.793L43.5 14.793\" stroke=\"#FFED00\" stroke-width=\"6\" stroke-linecap=\"round\" stroke-linejoin=\"round\"\/>\n<path d=\"M32.5 3.79297L43.5 14.793L32.5 25.793\" stroke=\"#FFED00\" stroke-width=\"6\" stroke-linecap=\"round\" stroke-linejoin=\"round\"\/>\n<\/svg>\n<span>Trova le tue possibilit\u00e0<\/span><\/span><\/a>            <\/div>\n            <\/div>\n<\/section>\n","protected":false},"excerpt":{"rendered":"<p>Dietro le quinte Desideri sapere come \u00e8 stato creato questo magico posto? Guarda i nostri video per scoprire cosa \u00e8 successo sul set durante le riprese: comicit\u00e0, fantasia e tutto l\u2019entusiasmo del team. Questi video ti permettono di dare in esclusiva un\u2019occhiata dietro le quinte e di renderti conto di tutto l\u2019impegno e la passione [&hellip;]<\/p>\n","protected":false},"author":3,"featured_media":0,"parent":0,"menu_order":0,"comment_status":"closed","ping_status":"closed","template":"","meta":{"_acf_changed":false,"footnotes":""},"class_list":["post-1708","page","type-page","status-publish","hentry"],"acf":[],"_links":{"self":[{"href":"https:\/\/www.avanti.swiss\/it\/wp-json\/wp\/v2\/pages\/1708","targetHints":{"allow":["GET"]}}],"collection":[{"href":"https:\/\/www.avanti.swiss\/it\/wp-json\/wp\/v2\/pages"}],"about":[{"href":"https:\/\/www.avanti.swiss\/it\/wp-json\/wp\/v2\/types\/page"}],"author":[{"embeddable":true,"href":"https:\/\/www.avanti.swiss\/it\/wp-json\/wp\/v2\/users\/3"}],"replies":[{"embeddable":true,"href":"https:\/\/www.avanti.swiss\/it\/wp-json\/wp\/v2\/comments?post=1708"}],"version-history":[{"count":5,"href":"https:\/\/www.avanti.swiss\/it\/wp-json\/wp\/v2\/pages\/1708\/revisions"}],"predecessor-version":[{"id":1783,"href":"https:\/\/www.avanti.swiss\/it\/wp-json\/wp\/v2\/pages\/1708\/revisions\/1783"}],"wp:attachment":[{"href":"https:\/\/www.avanti.swiss\/it\/wp-json\/wp\/v2\/media?parent=1708"}],"curies":[{"name":"wp","href":"https:\/\/api.w.org\/{rel}","templated":true}]}}