{"id":1592,"date":"2024-11-19T09:00:57","date_gmt":"2024-11-19T09:00:57","guid":{"rendered":"https:\/\/www.avanti.swiss\/?page_id=1592"},"modified":"2025-02-26T08:07:31","modified_gmt":"2025-02-26T08:07:31","slug":"ca-evnoie","status":"publish","type":"page","link":"https:\/\/www.avanti.swiss\/it\/ca-evnoie\/","title":{"rendered":"\u00e7a envoie"},"content":{"rendered":"<section class=\"block block-article-hero gutters \" >\n    <div class=\"container\">\n        <div class=\"wrap\">\n                        <h1 class=\"title\">Vivi la magia della ristorazione in Romandia<\/h1>\n            <div class=\"description\">\n                <p>L\u2019attesa \u00e8 finita: il video della campagna Avanti! \u00e8 online. Scopri come il grande chef Franck Giovannini con un team di innegabile talento trasforma un insignificante parcheggio di Bienne in un luogo magico a conferma di tutta la creativit\u00e0, lo spirito di squadra e la passione che contraddistinguono il settore della ristorazione.<\/p>\n            <\/div>\n            <div class=\"row\">\n                <div class=\"col-6 date\">\n                                    <\/div>\n                <div class=\"col-6 contacts\">\n                                    <\/div>\n            <\/div>\n        <\/div>\n    <\/div>\n<\/section>\n\n<section class=\"block block-slick-gallery \">\n    <div class=\"container gutters\">\n        <div class=\"cards slick\">\n                            <div class=\"card video\">\n                                            <video loop  poster=\"https:\/\/www.avanti.swiss\/wp-content\/uploads\/2024\/11\/Avanti_FR_Giovannini1.png\" >\n                            <source src=\"https:\/\/www.avanti.swiss\/wp-content\/uploads\/2024\/11\/GastroSuisse_Biel_Episode1_150MB.mp4\" type=\"video\/mp4\">\n                        <\/video>\n                                                            <\/div>\n                            <div class=\"card \">\n                                                                                <img loading=\"lazy\" decoding=\"async\" width=\"1670\" height=\"936\" src=\"https:\/\/www.avanti.swiss\/wp-content\/uploads\/2024\/05\/Avanti_FR_Erlebnis3.png\" class=\"attachment-full size-full\" alt=\"\" srcset=\"https:\/\/www.avanti.swiss\/wp-content\/uploads\/2024\/05\/Avanti_FR_Erlebnis3.png 1670w, https:\/\/www.avanti.swiss\/wp-content\/uploads\/2024\/05\/Avanti_FR_Erlebnis3-300x168.png 300w, https:\/\/www.avanti.swiss\/wp-content\/uploads\/2024\/05\/Avanti_FR_Erlebnis3-1024x574.png 1024w, https:\/\/www.avanti.swiss\/wp-content\/uploads\/2024\/05\/Avanti_FR_Erlebnis3-768x430.png 768w, https:\/\/www.avanti.swiss\/wp-content\/uploads\/2024\/05\/Avanti_FR_Erlebnis3-1536x861.png 1536w\" sizes=\"auto, (max-width: 1670px) 100vw, 1670px\" \/>                                                                                        <\/div>\n                            <div class=\"card \">\n                                                                                <img loading=\"lazy\" decoding=\"async\" width=\"1667\" height=\"935\" src=\"https:\/\/www.avanti.swiss\/wp-content\/uploads\/2024\/05\/Avanti_FR_Erlebnis1.png\" class=\"attachment-full size-full\" alt=\"\" srcset=\"https:\/\/www.avanti.swiss\/wp-content\/uploads\/2024\/05\/Avanti_FR_Erlebnis1.png 1667w, https:\/\/www.avanti.swiss\/wp-content\/uploads\/2024\/05\/Avanti_FR_Erlebnis1-300x168.png 300w, https:\/\/www.avanti.swiss\/wp-content\/uploads\/2024\/05\/Avanti_FR_Erlebnis1-1024x574.png 1024w, https:\/\/www.avanti.swiss\/wp-content\/uploads\/2024\/05\/Avanti_FR_Erlebnis1-768x431.png 768w, https:\/\/www.avanti.swiss\/wp-content\/uploads\/2024\/05\/Avanti_FR_Erlebnis1-1536x862.png 1536w\" sizes=\"auto, (max-width: 1667px) 100vw, 1667px\" \/>                                                                                        <\/div>\n                            <div class=\"card \">\n                                                                                <img loading=\"lazy\" decoding=\"async\" width=\"1667\" height=\"932\" src=\"https:\/\/www.avanti.swiss\/wp-content\/uploads\/2024\/05\/Avanti_FR_Crew1.png\" class=\"attachment-full size-full\" alt=\"\" srcset=\"https:\/\/www.avanti.swiss\/wp-content\/uploads\/2024\/05\/Avanti_FR_Crew1.png 1667w, https:\/\/www.avanti.swiss\/wp-content\/uploads\/2024\/05\/Avanti_FR_Crew1-300x168.png 300w, https:\/\/www.avanti.swiss\/wp-content\/uploads\/2024\/05\/Avanti_FR_Crew1-1024x573.png 1024w, https:\/\/www.avanti.swiss\/wp-content\/uploads\/2024\/05\/Avanti_FR_Crew1-768x429.png 768w, https:\/\/www.avanti.swiss\/wp-content\/uploads\/2024\/05\/Avanti_FR_Crew1-1536x859.png 1536w\" sizes=\"auto, (max-width: 1667px) 100vw, 1667px\" \/>                                                                                        <\/div>\n                    <\/div>\n    <\/div>\n<\/section>\n\n\n<section class=\"block block-image-and-text gutters  \">\n    <div class=\"container\">\n        <div class=\"row\">\n            <div class=\"col-12 col-md-5\">\n                                    <div class=\"image\">\n                        <img loading=\"lazy\" decoding=\"async\" width=\"576\" height=\"1024\" src=\"https:\/\/www.avanti.swiss\/wp-content\/uploads\/2024\/05\/Avanti_FR_BTS2-576x1024.jpg\" class=\"attachment-large size-large\" alt=\"\" srcset=\"https:\/\/www.avanti.swiss\/wp-content\/uploads\/2024\/05\/Avanti_FR_BTS2-576x1024.jpg 576w, https:\/\/www.avanti.swiss\/wp-content\/uploads\/2024\/05\/Avanti_FR_BTS2-169x300.jpg 169w, https:\/\/www.avanti.swiss\/wp-content\/uploads\/2024\/05\/Avanti_FR_BTS2-768x1365.jpg 768w, https:\/\/www.avanti.swiss\/wp-content\/uploads\/2024\/05\/Avanti_FR_BTS2-864x1536.jpg 864w, https:\/\/www.avanti.swiss\/wp-content\/uploads\/2024\/05\/Avanti_FR_BTS2-1152x2048.jpg 1152w, https:\/\/www.avanti.swiss\/wp-content\/uploads\/2024\/05\/Avanti_FR_BTS2-scaled.jpg 1440w\" sizes=\"auto, (max-width: 576px) 100vw, 576px\" \/>                    <\/div>\n                            <\/div>\n            <div class=\"col-12 col-md-7\">\n                <div class=\"text\">\n                    <h2>Sulla campagna Avanti!: il futuro del settore alberghiero e della ristorazione<\/h2>\n<p>Lavorare nell\u2019albergheria-ristorazione \u00e8 molto pi\u00f9 di un semplice lavoro, \u00e8 una passione che unisce e regala momenti indimenticabili. Ogni visita in un ristorante, bar o albergo \u00e8 un\u2019esperienza unica fatta di attenzione, dedizione e ospitalit\u00e0.<\/p>\n<p>Avanti! ti invita a scoprire un mondo ricco di opportunit\u00e0, caratterizzato da emozioni e incontri unici. L\u2019albergheria-ristorazione \u00e8 un palcoscenico perfetto per i talenti che vogliono vivere la loro professione con creativit\u00e0 e passione.<\/p>\n<p>Con Avanti! vogliamo migliorare l\u2019immagine del settore, attirare nuovi talenti e offrire condizioni di lavoro pi\u00f9 attrattive. Insieme ai partner e a personalit\u00e0 di spicco come Franck Giovannini intendiamo attirare l\u2019attenzione sul potenziale e sulle opportunit\u00e0 di questo settore tanto amato e reclutare attivamente manodopera con coraggio e determinazione.<\/p>\n<p>Il settore alberghiero e della ristorazione \u00e8 pi\u00f9 di una professione, \u00e8 una vocazione. Le persone dietro le quinte creano e regalano esperienze che vanno ben oltre il momento. Diventa parte di un settore vivace e creativo, capace di arricchire la quotidianit\u00e0 e rafforzare la coesione sociale!<\/p>\n<p>Questo fermento non si ferma in Romandia. Avanti! dar\u00e0 visibilit\u00e0 alla variet\u00e0 e al potenziale dell\u2019albergheria-ristorazione anche in Ticino e nella Svizzera tedesca con campagne ad hoc.<\/p>\n                <\/div>\n            <\/div>\n        <\/div>\n    <\/div>\n<\/section>\n\n\n<div class=\"block block-heading gutters\">\n<h2 class=\"wp-block-heading\">Dietro le quinte<\/h2>\n<\/div>\n\n<div class=\"block block-paragraph gutters\">\n<p>Desideri sapere come \u00e8 stato creato questo magico posto? Guarda i nostri video per scoprire cosa \u00e8 successo sul set durante le riprese: comicit\u00e0, fantasia e tutto l\u2019entusiasmo del team. Questi video ti permettono di dare in esclusiva un\u2019occhiata dietro le quinte e di renderti conto di tutto l\u2019impegno e la passione che si celano in questa campagna.<\/p>\n<\/div>\n\n<div class=\"block block-paragraph gutters\">\n<p><\/p>\n<\/div>\n\n    <div class=\"video_container_wrapper\">\r\n        <div class=\"video_container_inn\">\r\n                            <div class=\"video_block\">\r\n                    <video \r\n                        id=\"video-player-0\" \r\n                        class=\"video-js vjs-matrix video-content\" \r\n                        playsinline\r\n                        preload=\"auto\">\r\n                        <source src=\"https:\/\/www.avanti.swiss\/wp-content\/uploads\/2024\/11\/GS_Zusatzcontent_Biel_SoMe_Video1_05-1.mp4\" type=\"video\/mp4\">\r\n                        Your browser does not support the video tag.\r\n                    <\/video>\r\n                <\/div>\r\n                                <div class=\"video_block\">\r\n                    <video \r\n                        id=\"video-player-1\" \r\n                        class=\"video-js vjs-matrix video-content\" \r\n                        playsinline\r\n                        preload=\"auto\">\r\n                        <source src=\"https:\/\/www.avanti.swiss\/wp-content\/uploads\/2024\/11\/GS_Zusatzcontent_Biel_SoMe_Video2_03.mp4\" type=\"video\/mp4\">\r\n                        Your browser does not support the video tag.\r\n                    <\/video>\r\n                <\/div>\r\n                                <div class=\"video_block\">\r\n                    <video \r\n                        id=\"video-player-2\" \r\n                        class=\"video-js vjs-matrix video-content\" \r\n                        playsinline\r\n                        preload=\"auto\">\r\n                        <source src=\"https:\/\/www.avanti.swiss\/wp-content\/uploads\/2024\/11\/GS_Zusatzcontent_Biel_SoMe_Video3_02.mp4\" type=\"video\/mp4\">\r\n                        Your browser does not support the video tag.\r\n                    <\/video>\r\n                <\/div>\r\n                        <\/div>\r\n    <\/div>\r\n\n\n<section class=\"block block-banner gutters color-\">\n    <div class=\"container\">\n        <div class=\"text\">\n            <p>Gastronomia, la nostra passione!<\/p>\n        <\/div>\n                    <div class=\"button-wrap\">\n                <a href=\"https:\/\/www.avanti.swiss\/it\/futuro\/\" class=\"button secondary black\" ><span><svg width=\"47\" height=\"29\" viewBox=\"0 0 47 29\" fill=\"none\" xmlns=\"http:\/\/www.w3.org\/2000\/svg\">\n<path d=\"M3.5 14.793L43.5 14.793\" stroke=\"#FFED00\" stroke-width=\"6\" stroke-linecap=\"round\" stroke-linejoin=\"round\"\/>\n<path d=\"M32.5 3.79297L43.5 14.793L32.5 25.793\" stroke=\"#FFED00\" stroke-width=\"6\" stroke-linecap=\"round\" stroke-linejoin=\"round\"\/>\n<\/svg>\n<span>Trova le tue possibilit\u00e0<\/span><\/span><\/a>            <\/div>\n            <\/div>\n<\/section>\n","protected":false},"excerpt":{"rendered":"<p>Dietro le quinte Desideri sapere come \u00e8 stato creato questo magico posto? Guarda i nostri video per scoprire cosa \u00e8 successo sul set durante le riprese: comicit\u00e0, fantasia e tutto l\u2019entusiasmo del team. Questi video ti permettono di dare in esclusiva un\u2019occhiata dietro le quinte e di renderti conto di tutto l\u2019impegno e la passione [&hellip;]<\/p>\n","protected":false},"author":3,"featured_media":0,"parent":0,"menu_order":0,"comment_status":"closed","ping_status":"closed","template":"","meta":{"_acf_changed":false,"footnotes":""},"class_list":["post-1592","page","type-page","status-publish","hentry"],"acf":[],"_links":{"self":[{"href":"https:\/\/www.avanti.swiss\/it\/wp-json\/wp\/v2\/pages\/1592","targetHints":{"allow":["GET"]}}],"collection":[{"href":"https:\/\/www.avanti.swiss\/it\/wp-json\/wp\/v2\/pages"}],"about":[{"href":"https:\/\/www.avanti.swiss\/it\/wp-json\/wp\/v2\/types\/page"}],"author":[{"embeddable":true,"href":"https:\/\/www.avanti.swiss\/it\/wp-json\/wp\/v2\/users\/3"}],"replies":[{"embeddable":true,"href":"https:\/\/www.avanti.swiss\/it\/wp-json\/wp\/v2\/comments?post=1592"}],"version-history":[{"count":9,"href":"https:\/\/www.avanti.swiss\/it\/wp-json\/wp\/v2\/pages\/1592\/revisions"}],"predecessor-version":[{"id":1801,"href":"https:\/\/www.avanti.swiss\/it\/wp-json\/wp\/v2\/pages\/1592\/revisions\/1801"}],"wp:attachment":[{"href":"https:\/\/www.avanti.swiss\/it\/wp-json\/wp\/v2\/media?parent=1592"}],"curies":[{"name":"wp","href":"https:\/\/api.w.org\/{rel}","templated":true}]}}