{"id":1245,"date":"2024-05-23T12:37:53","date_gmt":"2024-05-23T12:37:53","guid":{"rendered":"https:\/\/www.avanti.swiss\/?page_id=1245"},"modified":"2024-09-23T08:56:23","modified_gmt":"2024-09-23T08:56:23","slug":"a-proposito-di-avanti","status":"publish","type":"page","link":"https:\/\/www.avanti.swiss\/it\/a-proposito-di-avanti\/","title":{"rendered":"A proposito di Avanti"},"content":{"rendered":"<div class=\"block block-heading gutters\">\n<h1 class=\"wp-block-heading\"><\/h1>\n<\/div>\n\n<section class=\"block block-page-hero gutters  zigzag-1 bg-primary\">\n    <div class=\"container-wide\">\n        <div class=\"row\">\n            <div class=\"col-12 col-md-6\">\n                <h1 class=\"title\">Avanti! Di cosa si tratta?<\/h1>\n            <\/div>\n            <div class=\"col-12 col-md-6\">\n                <div class=\"description\">\n                    <p>Vogliamo aiutarti a prendere in mano il tuo futuro, ma anche parlarti con schiettezza delle aspettative e delle esigenze che dovrai soddisfare.<\/p>\n                <\/div>\n            <\/div>\n        <\/div>\n    <\/div>\n<\/section>\n\n\n<div class=\"block block-paragraph gutters\">\n<p>Per chi vuole saperne di pi\u00f9 sull\u2019albergheria-ristorazione<\/p>\n<\/div>\n\n<div class=\"block block-paragraph gutters\">\n<p>Per chi vuole diventare leader in questo settore<\/p>\n<\/div>\n\n<div class=\"block block-paragraph gutters\">\n<p>Per chi \u00e8 alla ricerca di un posto di formazione attrattivo, diversificato e sostenibile e per chi vuole offrirne uno<\/p>\n<\/div>\n\n<div class=\"block block-paragraph gutters\">\n<p>Per chi vuole sperimentare qualcosa di nuovo ed \u00e8 alla ricerca di una mentalit\u00e0 pragmatica e per chi ha gi\u00e0 tale mentalit\u00e0 e vuole proporla con condizioni quadro interessanti<\/p>\n<\/div>\n\n<div class=\"block block-paragraph gutters\">\n<p>Avanti! vuole dare impulsi e motivare te e molti altri a mettersi in gioco attivamente. La nostra iniziativa ti aiuta a farti un\u2019idea dei molti punti da considerare. Li trovi riassunti qui in modo chiaro e semplice.<\/p>\n<\/div>\n\n<div class=\"block block-paragraph gutters\">\n<p><\/p>\n<\/div>\n\n<div class=\"block block-paragraph gutters\">\n<p>Abbiamo dimenticato qualcosa? Scrivici all\u2019indirizzo<strong> <a href=\"mailto:ciao@avanti.swiss\">ciao@avanti.swiss<\/a><\/strong><\/p>\n<\/div>\n\n<section class=\"block block-banner gutters color-\">\n    <div class=\"container\">\n        <div class=\"text\">\n                    <\/div>\n                    <div class=\"button-wrap\">\n                <a href=\"https:\/\/gastrosuisse.ch\/it\/servizio\/promozione-della-filiale\/avanti\" class=\"button secondary black\" target=\"_blank\" rel=\"noopener\"><span><svg width=\"47\" height=\"29\" viewBox=\"0 0 47 29\" fill=\"none\" xmlns=\"http:\/\/www.w3.org\/2000\/svg\">\n<path d=\"M3.5 14.793L43.5 14.793\" stroke=\"#FFED00\" stroke-width=\"6\" stroke-linecap=\"round\" stroke-linejoin=\"round\"\/>\n<path d=\"M32.5 3.79297L43.5 14.793L32.5 25.793\" stroke=\"#FFED00\" stroke-width=\"6\" stroke-linecap=\"round\" stroke-linejoin=\"round\"\/>\n<\/svg>\n<span>Saperne di pi\u00f9 sull\u2019iniziativa<\/span><\/span><\/a>            <\/div>\n            <\/div>\n<\/section>\n","protected":false},"excerpt":{"rendered":"<p>Per chi vuole saperne di pi\u00f9 sull\u2019albergheria-ristorazione Per chi vuole diventare leader in questo settore Per chi \u00e8 alla ricerca di un posto di formazione attrattivo, diversificato e sostenibile e per chi vuole offrirne uno Per chi vuole sperimentare qualcosa di nuovo ed \u00e8 alla ricerca di una mentalit\u00e0 pragmatica e per chi ha gi\u00e0 [&hellip;]<\/p>\n","protected":false},"author":3,"featured_media":0,"parent":0,"menu_order":0,"comment_status":"closed","ping_status":"closed","template":"","meta":{"_acf_changed":false,"footnotes":""},"class_list":["post-1245","page","type-page","status-publish","hentry"],"acf":[],"_links":{"self":[{"href":"https:\/\/www.avanti.swiss\/it\/wp-json\/wp\/v2\/pages\/1245","targetHints":{"allow":["GET"]}}],"collection":[{"href":"https:\/\/www.avanti.swiss\/it\/wp-json\/wp\/v2\/pages"}],"about":[{"href":"https:\/\/www.avanti.swiss\/it\/wp-json\/wp\/v2\/types\/page"}],"author":[{"embeddable":true,"href":"https:\/\/www.avanti.swiss\/it\/wp-json\/wp\/v2\/users\/3"}],"replies":[{"embeddable":true,"href":"https:\/\/www.avanti.swiss\/it\/wp-json\/wp\/v2\/comments?post=1245"}],"version-history":[{"count":4,"href":"https:\/\/www.avanti.swiss\/it\/wp-json\/wp\/v2\/pages\/1245\/revisions"}],"predecessor-version":[{"id":1467,"href":"https:\/\/www.avanti.swiss\/it\/wp-json\/wp\/v2\/pages\/1245\/revisions\/1467"}],"wp:attachment":[{"href":"https:\/\/www.avanti.swiss\/it\/wp-json\/wp\/v2\/media?parent=1245"}],"curies":[{"name":"wp","href":"https:\/\/api.w.org\/{rel}","templated":true}]}}