{"id":1234,"date":"2024-05-23T12:38:25","date_gmt":"2024-05-23T12:38:25","guid":{"rendered":"https:\/\/www.avanti.swiss\/?page_id=1234"},"modified":"2024-09-23T08:56:10","modified_gmt":"2024-09-23T08:56:10","slug":"colophon","status":"publish","type":"page","link":"https:\/\/www.avanti.swiss\/it\/colophon\/","title":{"rendered":"Colophon"},"content":{"rendered":"<section class=\"block block-page-hero gutters  zigzag-1 bg-primary\">\n    <div class=\"container-wide\">\n        <div class=\"row\">\n            <div class=\"col-12 col-md-6\">\n                <h1 class=\"title\">Colophon<\/h1>\n            <\/div>\n            <div class=\"col-12 col-md-6\">\n                <div class=\"description\">\n                                    <\/div>\n            <\/div>\n        <\/div>\n    <\/div>\n<\/section>\n\n\n<div class=\"block block-heading gutters\">\n<h2 class=\"wp-block-heading\">Editore<\/h2>\n<\/div>\n\n<div class=\"block block-paragraph gutters\">\n<p>GastroSuisse<br>Blumenfeldstrasse 20<br>8046 Zurigo<br>Svizzera<\/p>\n<\/div>\n\n<div class=\"block block-paragraph gutters\">\n<p>Tel.: <a href=\"https:\/\/www.google.com\/search?q=Telefon+GastroSuisse#\" target=\"_blank\" rel=\"noopener\">0848 377 111<\/a><\/p>\n<\/div>\n\n<div class=\"block block-paragraph gutters\">\n<p>E-mail:<br><a href=\"mailto:info@gastrosuisse.ch\">info@gastrosuisse.ch<\/a><\/p>\n<\/div>\n\n<div class=\"block block-heading gutters\">\n<h2 class=\"wp-block-heading\">Registro di commercio<\/h2>\n<\/div>\n\n<div class=\"block block-paragraph gutters\">\n<p>CHE-107.820.275<\/p>\n<\/div>\n\n<div class=\"block block-heading gutters\">\n<h2 class=\"wp-block-heading\">Esclusione di responsabilit\u00e0<\/h2>\n<\/div>\n\n<div class=\"block block-paragraph gutters\">\n<p>L\u2019autore non fornisce alcuna garanzia sulla correttezza, esattezza, attualit\u00e0, affidabilit\u00e0 e completezza delle informazioni.<\/p>\n<\/div>\n\n<div class=\"block block-paragraph gutters\">\n<p>\u00c8 esclusa qualsiasi pretesa di risarcimento nei confronti dell\u2019autore per danni di natura materiale o immateriale derivanti dall\u2019accesso o dal (mancato) uso delle informazioni pubblicate, da un uso abusivo della connessione o da problemi tecnici.<\/p>\n<\/div>\n\n<div class=\"block block-paragraph gutters\">\n<p>Nessuna offerta \u00e8 vincolante. L&#8217;autore si riserva espressamente il diritto di modificare, integrare o cancellare determinate pagine o l&#8217;intera offerta senza preavviso o di interrompere temporaneamente o definitivamente la pubblicazione.<\/p>\n<\/div>\n\n<div class=\"block block-heading gutters\">\n<h2 class=\"wp-block-heading\">Esclusione di responsabilit\u00e0 per i link<\/h2>\n<\/div>\n\n<div class=\"block block-paragraph gutters\">\n<p>Rimandi e link a siti web di terzi esulano dal nostro ambito di responsabilit\u00e0. Decliniamo qualsiasi responsabilit\u00e0 relativa a tali siti. L\u2019accesso a tali siti e il loro utilizzo \u00e8 a rischio e pericolo dell\u2019utente.<\/p>\n<\/div>\n\n<div class=\"block block-heading gutters\">\n<h2 class=\"wp-block-heading\">Diritti d\u2019autore<\/h2>\n<\/div>\n\n<div class=\"block block-paragraph gutters\">\n<p>Il diritto d\u2019autore e tutti gli altri diritti su contenuti, immagini, foto o altri file presenti sul sito web appartengono esclusivamente alla persona giuridica GastroSuisse o ai titolari esplicitamente indicati. La riproduzione di qualsiasi elemento \u00e8 consentita solo previo consenso scritto dei detentori dei diritti.<\/p>\n<\/div>","protected":false},"excerpt":{"rendered":"<p>Editore GastroSuisseBlumenfeldstrasse 208046 ZurigoSvizzera Tel.: 0848 377 111 E-mail:info@gastrosuisse.ch Registro di commercio CHE-107.820.275 Esclusione di responsabilit\u00e0 L\u2019autore non fornisce alcuna garanzia sulla correttezza, esattezza, attualit\u00e0, affidabilit\u00e0 e completezza delle informazioni. \u00c8 esclusa qualsiasi pretesa di risarcimento nei confronti dell\u2019autore per danni di natura materiale o immateriale derivanti dall\u2019accesso o dal (mancato) uso delle informazioni pubblicate, [&hellip;]<\/p>\n","protected":false},"author":3,"featured_media":0,"parent":0,"menu_order":0,"comment_status":"closed","ping_status":"closed","template":"","meta":{"_acf_changed":false,"footnotes":""},"class_list":["post-1234","page","type-page","status-publish","hentry"],"acf":[],"_links":{"self":[{"href":"https:\/\/www.avanti.swiss\/it\/wp-json\/wp\/v2\/pages\/1234","targetHints":{"allow":["GET"]}}],"collection":[{"href":"https:\/\/www.avanti.swiss\/it\/wp-json\/wp\/v2\/pages"}],"about":[{"href":"https:\/\/www.avanti.swiss\/it\/wp-json\/wp\/v2\/types\/page"}],"author":[{"embeddable":true,"href":"https:\/\/www.avanti.swiss\/it\/wp-json\/wp\/v2\/users\/3"}],"replies":[{"embeddable":true,"href":"https:\/\/www.avanti.swiss\/it\/wp-json\/wp\/v2\/comments?post=1234"}],"version-history":[{"count":3,"href":"https:\/\/www.avanti.swiss\/it\/wp-json\/wp\/v2\/pages\/1234\/revisions"}],"predecessor-version":[{"id":1464,"href":"https:\/\/www.avanti.swiss\/it\/wp-json\/wp\/v2\/pages\/1234\/revisions\/1464"}],"wp:attachment":[{"href":"https:\/\/www.avanti.swiss\/it\/wp-json\/wp\/v2\/media?parent=1234"}],"curies":[{"name":"wp","href":"https:\/\/api.w.org\/{rel}","templated":true}]}}