{"id":1244,"date":"2024-05-23T12:37:53","date_gmt":"2024-05-23T12:37:53","guid":{"rendered":"https:\/\/www.avanti.swiss\/?page_id=1244"},"modified":"2024-09-23T08:55:24","modified_gmt":"2024-09-23T08:55:24","slug":"a-propos-davanti","status":"publish","type":"page","link":"https:\/\/www.avanti.swiss\/fr\/a-propos-davanti\/","title":{"rendered":"\u00c0 propos d\u2019Avanti!"},"content":{"rendered":"<div class=\"block block-heading gutters\">\n<h1 class=\"wp-block-heading\"><\/h1>\n<\/div>\n\n<section class=\"block block-page-hero gutters  zigzag-1 bg-primary\">\n    <div class=\"container-wide\">\n        <div class=\"row\">\n            <div class=\"col-12 col-md-6\">\n                <h1 class=\"title\">Avanti! Id\u00e9es et concept du projet<\/h1>\n            <\/div>\n            <div class=\"col-12 col-md-6\">\n                <div class=\"description\">\n                    <p>Nous voulons donner la possibilit\u00e9 de s\u2019engager et de parler des attentes et des exigences de la branche sans d\u00e9tour.<\/p>\n                <\/div>\n            <\/div>\n        <\/div>\n    <\/div>\n<\/section>\n\n\n<div class=\"block block-paragraph gutters\">\n<p>Pour toutes celles et ceux qui veulent en savoir plus sur l\u2019h\u00f4tellerie-restauration;<\/p>\n<\/div>\n\n<div class=\"block block-paragraph gutters\">\n<p>Pour toutes celles et ceux qui veulent devenir leader dans la branche;<\/p>\n<\/div>\n\n<div class=\"block block-paragraph gutters\">\n<p>Pour toutes celles et ceux qui cherchent une place d\u2019apprentissage ou une formation vari\u00e9e et durable, et pour tous ceux qui souhaitent en proposer;<\/p>\n<\/div>\n\n<div class=\"block block-paragraph gutters\">\n<p>Pour toutes celles et ceux qui veulent faire de nouvelles exp\u00e9riences et \u00abmettre la main \u00e0 la p\u00e2te\u00bb ainsi que ceux qui souhaitent offrir une telle mentalit\u00e9 d\u2019entreprise et des conditions de travail attrayantes;<\/p>\n<\/div>\n\n<div class=\"block block-paragraph gutters\">\n<p>Avanti! souhaite donner de nouvelles impulsions \u00e0 la branche et vous motiver \u00e0 y prendre part activement. Forgez-vous une opinion gr\u00e2ce aux aspects essentiels que vous trouverez ici, class\u00e9s et r\u00e9sum\u00e9s de mani\u00e8re claire.<\/p>\n<\/div>\n\n<div class=\"block block-paragraph gutters\">\n<p><\/p>\n<\/div>\n\n<div class=\"block block-paragraph gutters\">\n<p>Si vous estimez qu\u2019il manque un th\u00e8me important, \u00e9crivez-nous sous<strong> <a href=\"mailto:ciao@avanti.swiss\">ciao@avanti.swiss<\/a><\/strong><\/p>\n<\/div>\n\n<section class=\"block block-banner gutters color-\">\n    <div class=\"container\">\n        <div class=\"text\">\n                    <\/div>\n                    <div class=\"button-wrap\">\n                <a href=\"https:\/\/gastrosuisse.ch\/fr\/services\/promotion-de-la-branche\/avanti\" class=\"button secondary black\" target=\"_blank\" rel=\"noopener\"><span><svg width=\"47\" height=\"29\" viewBox=\"0 0 47 29\" fill=\"none\" xmlns=\"http:\/\/www.w3.org\/2000\/svg\">\n<path d=\"M3.5 14.793L43.5 14.793\" stroke=\"#FFED00\" stroke-width=\"6\" stroke-linecap=\"round\" stroke-linejoin=\"round\"\/>\n<path d=\"M32.5 3.79297L43.5 14.793L32.5 25.793\" stroke=\"#FFED00\" stroke-width=\"6\" stroke-linecap=\"round\" stroke-linejoin=\"round\"\/>\n<\/svg>\n<span>En savoir plus sur le projet<\/span><\/span><\/a>            <\/div>\n            <\/div>\n<\/section>\n","protected":false},"excerpt":{"rendered":"<p>Pour toutes celles et ceux qui veulent en savoir plus sur l\u2019h\u00f4tellerie-restauration; Pour toutes celles et ceux qui veulent devenir leader dans la branche; Pour toutes celles et ceux qui cherchent une place d\u2019apprentissage ou une formation vari\u00e9e et durable, et pour tous ceux qui souhaitent en proposer; Pour toutes celles et ceux qui veulent [&hellip;]<\/p>\n","protected":false},"author":3,"featured_media":0,"parent":0,"menu_order":0,"comment_status":"closed","ping_status":"closed","template":"","meta":{"_acf_changed":false,"footnotes":""},"class_list":["post-1244","page","type-page","status-publish","hentry"],"acf":[],"_links":{"self":[{"href":"https:\/\/www.avanti.swiss\/fr\/wp-json\/wp\/v2\/pages\/1244","targetHints":{"allow":["GET"]}}],"collection":[{"href":"https:\/\/www.avanti.swiss\/fr\/wp-json\/wp\/v2\/pages"}],"about":[{"href":"https:\/\/www.avanti.swiss\/fr\/wp-json\/wp\/v2\/types\/page"}],"author":[{"embeddable":true,"href":"https:\/\/www.avanti.swiss\/fr\/wp-json\/wp\/v2\/users\/3"}],"replies":[{"embeddable":true,"href":"https:\/\/www.avanti.swiss\/fr\/wp-json\/wp\/v2\/comments?post=1244"}],"version-history":[{"count":4,"href":"https:\/\/www.avanti.swiss\/fr\/wp-json\/wp\/v2\/pages\/1244\/revisions"}],"predecessor-version":[{"id":1460,"href":"https:\/\/www.avanti.swiss\/fr\/wp-json\/wp\/v2\/pages\/1244\/revisions\/1460"}],"wp:attachment":[{"href":"https:\/\/www.avanti.swiss\/fr\/wp-json\/wp\/v2\/media?parent=1244"}],"curies":[{"name":"wp","href":"https:\/\/api.w.org\/{rel}","templated":true}]}}