{"id":1218,"date":"2024-05-23T10:57:57","date_gmt":"2024-05-23T10:57:57","guid":{"rendered":"https:\/\/www.avanti.swiss\/?page_id=1218"},"modified":"2026-01-28T08:58:18","modified_gmt":"2026-01-28T08:58:18","slug":"inspiration","status":"publish","type":"page","link":"https:\/\/www.avanti.swiss\/fr\/inspiration\/","title":{"rendered":"Inspiration"},"content":{"rendered":"<section class=\"block block-page-hero gutters  zigzag-3 bg-primary\">\n    <div class=\"container-wide\">\n        <div class=\"row\">\n            <div class=\"col-12 col-md-6\">\n                <h1 class=\"title\">Au plus pr\u00e8s de la branche<\/h1>\n            <\/div>\n            <div class=\"col-12 col-md-6\">\n                <div class=\"description\">\n                    <p>Ces personnes sont les porte-drapeaux de beaucoup d\u2019autres qui contribuent, gr\u00e2ce \u00e0 leurs visions et \u00e0 leur engagement, \u00e0 faire de l\u2019h\u00f4tellerie-restauration un environnement de travail captivant et dynamique.<\/p>\n                <\/div>\n            <\/div>\n        <\/div>\n    <\/div>\n<\/section>\n\n\n\n<section class=\"block block-interviews  gutters\">\n    <div class=\"container\">\n                    <h2 class=\"title big\">L\u2019h\u00f4tellerie-restauration, ma source d\u2019inspiration <\/h2>\n                <div class=\"horizontal-scroll-container cards-wrapper\" data-breakpoint=\"767\" data-cardIndex=\"0\">\n                            <div class=\"arrows-wrapper\">\n                    <div class=\"arrows-inner\">\n                        <div class=\"arrows\">\n                            <div class=\"prev\"><\/div>\n                            <div class=\"next\"><\/div>\n                        <\/div>\n                    <\/div>\n                <\/div>\n                        <div class=\"cards horizontal-scroll\">\n                                    <div class=\"card horizontal-scroll-item\">\n                        <div class=\"image\">\n                            <img loading=\"lazy\" decoding=\"async\" width=\"1024\" height=\"683\" src=\"https:\/\/www.avanti.swiss\/wp-content\/uploads\/2025\/05\/250513_ProGastroFonds_LP_Vis1_V2.1-1024x683.jpg\" class=\"attachment-large size-large wp-post-image\" alt=\"\" srcset=\"https:\/\/www.avanti.swiss\/wp-content\/uploads\/2025\/05\/250513_ProGastroFonds_LP_Vis1_V2.1-1024x683.jpg 1024w, https:\/\/www.avanti.swiss\/wp-content\/uploads\/2025\/05\/250513_ProGastroFonds_LP_Vis1_V2.1-300x200.jpg 300w, https:\/\/www.avanti.swiss\/wp-content\/uploads\/2025\/05\/250513_ProGastroFonds_LP_Vis1_V2.1-768x512.jpg 768w, https:\/\/www.avanti.swiss\/wp-content\/uploads\/2025\/05\/250513_ProGastroFonds_LP_Vis1_V2.1.jpg 1200w\" sizes=\"auto, (max-width: 1024px) 100vw, 1024px\" \/>                                                            <div class=\"interviewee-wrapper\">\n                                    <div class=\"interviewee\">\n                                        <div class=\"name\">Talent Table<\/div>\n                                                                                    <div class=\"position\">100 \u00e9tablissements mettent le couvert pour les talents de demain.<\/div>\n                                                                            <\/div>\n                                <\/div>\n                                                    <\/div>\n                        <div class=\"excerpt\">\u00abTalent Table\u00bb r\u00e9unit les entreprises et les talents autour d\u2019une table pour augmenter la visibilit\u00e9, int\u00e9resser la rel\u00e8ve et renforcer le secteur.<\/div>\n                        \n                        <div class=\"button-wrapper\">                            \n                            <a href=\"https:\/\/www.avanti.swiss\/fr\/interview\/talent-table-fr\/\" class=\"button secondary black-text\" ><span><svg width=\"47\" height=\"29\" viewBox=\"0 0 47 29\" fill=\"none\" xmlns=\"http:\/\/www.w3.org\/2000\/svg\">\n<path d=\"M3.5 14.793L43.5 14.793\" stroke=\"#FFED00\" stroke-width=\"6\" stroke-linecap=\"round\" stroke-linejoin=\"round\"\/>\n<path d=\"M32.5 3.79297L43.5 14.793L32.5 25.793\" stroke=\"#FFED00\" stroke-width=\"6\" stroke-linecap=\"round\" stroke-linejoin=\"round\"\/>\n<\/svg>\n<span>En savoir plus<\/span><\/span><\/a>                        <\/div>\n                    <\/div>\n                                    <div class=\"card horizontal-scroll-item\">\n                        <div class=\"image\">\n                            <img loading=\"lazy\" decoding=\"async\" width=\"574\" height=\"439\" src=\"https:\/\/www.avanti.swiss\/wp-content\/uploads\/2024\/05\/4_3.png\" class=\"attachment-large size-large wp-post-image\" alt=\"\" srcset=\"https:\/\/www.avanti.swiss\/wp-content\/uploads\/2024\/05\/4_3.png 574w, https:\/\/www.avanti.swiss\/wp-content\/uploads\/2024\/05\/4_3-300x229.png 300w\" sizes=\"auto, (max-width: 574px) 100vw, 574px\" \/>                                                            <div class=\"interviewee-wrapper\">\n                                    <div class=\"interviewee\">\n                                        <div class=\"name\">Amanda Wassmer-Bulgin<\/div>\n                                                                                    <div class=\"position\">Sommeli\u00e8re, Weindirektorin<\/div>\n                                                                            <\/div>\n                                <\/div>\n                                                    <\/div>\n                        <div class=\"excerpt\">Die Rolle der \u00abworking moms\u00bb im Gastgewerbe<\/div>\n                        \n                        <div class=\"button-wrapper\">                            \n                            <a href=\"https:\/\/www.avanti.swiss\/interview\/working-moms-im-gastgewerbe\/\" class=\"button secondary black-text\" ><span><svg width=\"47\" height=\"29\" viewBox=\"0 0 47 29\" fill=\"none\" xmlns=\"http:\/\/www.w3.org\/2000\/svg\">\n<path d=\"M3.5 14.793L43.5 14.793\" stroke=\"#FFED00\" stroke-width=\"6\" stroke-linecap=\"round\" stroke-linejoin=\"round\"\/>\n<path d=\"M32.5 3.79297L43.5 14.793L32.5 25.793\" stroke=\"#FFED00\" stroke-width=\"6\" stroke-linecap=\"round\" stroke-linejoin=\"round\"\/>\n<\/svg>\n<span>En savoir plus<\/span><\/span><\/a>                        <\/div>\n                    <\/div>\n                                    <div class=\"card horizontal-scroll-item\">\n                        <div class=\"image\">\n                            <img loading=\"lazy\" decoding=\"async\" width=\"1024\" height=\"614\" src=\"https:\/\/www.avanti.swiss\/wp-content\/uploads\/2024\/07\/Corin-Schmid_031_20231129_DW_WEB-1024x614.jpg\" class=\"attachment-large size-large wp-post-image\" alt=\"\" srcset=\"https:\/\/www.avanti.swiss\/wp-content\/uploads\/2024\/07\/Corin-Schmid_031_20231129_DW_WEB-1024x614.jpg 1024w, https:\/\/www.avanti.swiss\/wp-content\/uploads\/2024\/07\/Corin-Schmid_031_20231129_DW_WEB-300x180.jpg 300w, https:\/\/www.avanti.swiss\/wp-content\/uploads\/2024\/07\/Corin-Schmid_031_20231129_DW_WEB-768x461.jpg 768w, https:\/\/www.avanti.swiss\/wp-content\/uploads\/2024\/07\/Corin-Schmid_031_20231129_DW_WEB-1536x922.jpg 1536w, https:\/\/www.avanti.swiss\/wp-content\/uploads\/2024\/07\/Corin-Schmid_031_20231129_DW_WEB-2048x1229.jpg 2048w\" sizes=\"auto, (max-width: 1024px) 100vw, 1024px\" \/>                                                            <div class=\"interviewee-wrapper\">\n                                    <div class=\"interviewee\">\n                                        <div class=\"name\">Corin Schmid<\/div>\n                                                                                    <div class=\"position\">K\u00fcchenchefin<\/div>\n                                                                            <\/div>\n                                <\/div>\n                                                    <\/div>\n                        <div class=\"excerpt\">\u00abIch will unsere Handwerkskunst am Leben erhalten.\u00bb<\/div>\n                        \n                        <div class=\"button-wrapper\">                            \n                            <a href=\"https:\/\/www.avanti.swiss\/interview\/ich-will-unsere-handwerkskunst-am-leben-erhalten\/\" class=\"button secondary black-text\" ><span><svg width=\"47\" height=\"29\" viewBox=\"0 0 47 29\" fill=\"none\" xmlns=\"http:\/\/www.w3.org\/2000\/svg\">\n<path d=\"M3.5 14.793L43.5 14.793\" stroke=\"#FFED00\" stroke-width=\"6\" stroke-linecap=\"round\" stroke-linejoin=\"round\"\/>\n<path d=\"M32.5 3.79297L43.5 14.793L32.5 25.793\" stroke=\"#FFED00\" stroke-width=\"6\" stroke-linecap=\"round\" stroke-linejoin=\"round\"\/>\n<\/svg>\n<span>En savoir plus<\/span><\/span><\/a>                        <\/div>\n                    <\/div>\n                            <\/div>\n        <\/div>\n    <\/div>\n<\/section>\n\n\n<section class=\"block block-social \" data-limit=\"12\">\n    <div class=\"bg\"><\/div>\n    <div class=\"container gutters\">\n                    <h2 class=\"title\">Swiper. Poster. partager. <br> L\u2019h\u00f4tellerie-restauration sur les r\u00e9seaux sociaux.<\/h2>\n                <div class=\"cards\">\n                            <div class=\"card\">\n                                            <a class=\"url\" target=\"_blank\" href=\"https:\/\/www.instagram.com\/p\/DIDeBvPtIa2\/\" rel=\"noopener\">\n                    \n                    <img loading=\"lazy\" decoding=\"async\" src=\"https:\/\/scontent-fco2-1.cdninstagram.com\/v\/t51.75761-15\/488361069_17860398969391064_4035679057722447451_n.jpg?stp=cmp1_dst-jpg_e35_s640x640_tt6&#038;_nc_cat=103&#038;ccb=7-5&#038;_nc_sid=18de74&#038;efg=eyJlZmdfdGFnIjoiQ0xJUFMuYmVzdF9pbWFnZV91cmxnZW4uQzMifQ%3D%3D&#038;_nc_ohc=xCH40yaPqHwQ7kNvwFNigsw&#038;_nc_oc=AdpM2rPwXTLA06mJBm7DBU-7NQu8gxuM2bewLoHW_oAxaL5L9T_VFDUse67R9Diucvw&#038;_nc_zt=23&#038;_nc_ht=scontent-fco2-1.cdninstagram.com&#038;_nc_gid=llNFnJxJiMLI0nojRf4BgA&#038;_nc_ss=7060f&#038;oh=00_Af4fa35bw3IZXgvgl8hKb3qpCe_hnSfQyInY6zVSWA8Dpw&#038;oe=69FB44DB\" width=\"360\" height=\"640\">\n                    <div class=\"icon\"><img decoding=\"async\" src=\"\/wp-content\/uploads\/2024\/06\/instagram.svg\" alt=\"\"><\/div>\n                                            <\/a>\n                    \n                    <div class=\"block block-paragraph gutters\">\n<p class=\"has-text-align-center\"><strong>@hostsofswitzerland<\/strong> Mach mit und zeige uns deine Leidenschaft f\u00fcr das Gastgewerbe!\ud83d\udce3<\/p>\n<\/div>                <\/div>\n                            <div class=\"card\">\n                                            <a class=\"url\" target=\"_blank\" href=\"https:\/\/www.instagram.com\/p\/DWjWlV2jLCO\/?utm_source=ig_web_copy_link&#038;igsh=MzRlODBiNWFlZA==\" rel=\"noopener\">\n                    \n                    <img loading=\"lazy\" decoding=\"async\" src=\"https:\/\/scontent-dus1-1.cdninstagram.com\/v\/t51.82787-15\/657904236_18570632227001207_3882519211682690627_n.jpg?stp=c216.0.648.648a_dst-jpg_e35_s640x640_tt6&#038;_nc_cat=110&#038;ccb=7-5&#038;_nc_sid=18de74&#038;efg=eyJlZmdfdGFnIjoiQ0FST1VTRUxfSVRFTS5iZXN0X2ltYWdlX3VybGdlbi5DMyJ9&#038;_nc_ohc=tTsrLCmW4PIQ7kNvwGLDAWw&#038;_nc_oc=AdqwmnkqKUDPPQz4NAK7mvRO7mYI-75hBO12O_ISL1tMABQZ1n4tjKgLbYmVpz3BTPw&#038;_nc_zt=23&#038;_nc_ht=scontent-dus1-1.cdninstagram.com&#038;_nc_gid=q5FluOyez8OBLlz3UvoULA&#038;_nc_ss=7060f&#038;oh=00_Af1Iz7WBzGMYtg0qUwKFSmNLYZnqUHdg2lOgclpdcz6zow&#038;oe=69F955B1\" width=\"640\" height=\"640\">\n                    <div class=\"icon\"><img decoding=\"async\" src=\"\/wp-content\/uploads\/2024\/06\/instagram.svg\" alt=\"\"><\/div>\n                                            <\/a>\n                    \n                    <div class=\"block block-paragraph gutters\">\n<p>@parkhotelvitznau Plenty of sunshine<\/p>\n<\/div>                <\/div>\n                            <div class=\"card\">\n                                            <a class=\"url\" target=\"_blank\" href=\"https:\/\/www.linkedin.com\/posts\/gastia_wo-trifft-sich-die-branche-genau-hier-activity-7444745392753233921-KvnE?utm_source=share&#038;utm_medium=member_desktop&#038;rcm=ACoAADVPBZMBjkNlVSu3yNUvucd0d2a0SK9U9FI\" rel=\"noopener\">\n                    \n                    <img loading=\"lazy\" decoding=\"async\" src=\"https:\/\/dms.licdn.com\/playlist\/vid\/v2\/D4E05AQEOt4MO5Rm1XA\/thumbnail-with-play-button-overlay-high\/B4EZ1EMVZcJ0DU-\/0\/1774965597757?e=2147483647&#038;v=beta&#038;t=1B2kSoCNgAlQ38dGe_T38nv0RS1wUS1tSMXt1VVqwLo\" width=\"1280\" height=\"720\"\/>\n                    <div class=\"icon\"><img decoding=\"async\" src=\"\/wp-content\/uploads\/2024\/05\/linkedin.svg\" alt=\"\"><\/div>\n                                            <\/a>\n                    \n                    <div class=\"block block-paragraph gutters\">\n<p>@Gastia Austausch und neue Impulse<\/p>\n<\/div>                <\/div>\n                            <div class=\"card\">\n                                            <a class=\"url\" target=\"_blank\" href=\"https:\/\/www.instagram.com\/p\/DV_j8aNjIT7\/?utm_source=ig_web_copy_link&#038;igsh=MzRlODBiNWFlZA==\" rel=\"noopener\">\n                    \n                    <img loading=\"lazy\" decoding=\"async\" src=\"https:\/\/scontent-dus1-1.cdninstagram.com\/v\/t39.30808-6\/653704907_1546248313880656_6107587569344227204_n.jpg?stp=c273.0.819.819a_dst-jpg_e35_s640x640_tt6&#038;_nc_cat=108&#038;ccb=7-5&#038;_nc_sid=18de74&#038;efg=eyJlZmdfdGFnIjoiQ0FST1VTRUxfSVRFTS5iZXN0X2ltYWdlX3VybGdlbi5DMyJ9&#038;_nc_ohc=EQOQe4qMlG4Q7kNvwH1tDgA&#038;_nc_oc=AdpEquxuwY4wi9F_uyTOj3q520W1LOo40y4M47hwjC4DlOc2J6pUCOSATZ3AU7gjCY0&#038;_nc_zt=23&#038;_nc_ht=scontent-dus1-1.cdninstagram.com&#038;_nc_gid=MbKghMb0euar5VrmMj9EeQ&#038;_nc_ss=7060f&#038;oh=00_Af1jUejKiVyMLPUwDBx7k_1KPKPREXWLO64wp3gbXDdfDw&#038;oe=69F95606\" width=\"640\" height=\"640\">\n                    <div class=\"icon\"><img decoding=\"async\" src=\"\/wp-content\/uploads\/2024\/06\/instagram.svg\" alt=\"\"><\/div>\n                                            <\/a>\n                    \n                    <div class=\"block block-paragraph gutters\">\n<p>@landhausliebefeld Fr\u00fchlings Food Festival<\/p>\n<\/div>                <\/div>\n                            <div class=\"card\">\n                                            <a class=\"url\" target=\"_blank\" href=\"https:\/\/www.instagram.com\/p\/DW1WnTzF93d\/?utm_source=ig_web_copy_link&#038;igsh=MzRlODBiNWFlZA==\" rel=\"noopener\">\n                    \n                    <img loading=\"lazy\" decoding=\"async\" src=\"https:\/\/scontent-dus1-1.cdninstagram.com\/v\/t51.82787-15\/662881919_18091923053519712_4942887080870213839_n.jpg?stp=c245.0.737.736a_dst-jpg_e35_s640x640_tt6&#038;_nc_cat=104&#038;ccb=7-5&#038;_nc_sid=18de74&#038;efg=eyJlZmdfdGFnIjoiQ0FST1VTRUxfSVRFTS5iZXN0X2ltYWdlX3VybGdlbi5DMyJ9&#038;_nc_ohc=slTyjhGoRk0Q7kNvwEZwC7o&#038;_nc_oc=AdoHGXXotL_305lOlwn_upSevBSkbJuZelLGNc6r_qemzg3clEhowgppAn8vYkJTLYw&#038;_nc_zt=23&#038;_nc_ht=scontent-dus1-1.cdninstagram.com&#038;_nc_gid=59ixgVRIVzusRYbzPSiPMA&#038;_nc_ss=7060f&#038;oh=00_Af1WsqS3qwwktInSq2Y4XOoTstgdw3MwINzyWgPym6mlPg&#038;oe=69F96DCE\" width=\"640\" height=\"639\">\n                    <div class=\"icon\"><img decoding=\"async\" src=\"\/wp-content\/uploads\/2024\/06\/instagram.svg\" alt=\"\"><\/div>\n                                            <\/a>\n                    \n                    <div class=\"block block-paragraph gutters\">\n<p>@fischerstube_zuerihorn Saison-Auftakt<\/p>\n<\/div>                <\/div>\n                            <div class=\"card\">\n                                            <a class=\"url\" target=\"_blank\" href=\"https:\/\/www.instagram.com\/reel\/DUQXdMLAkkH\/?utm_source=ig_web_copy_link&#038;igsh=MzRlODBiNWFlZA==\" rel=\"noopener\">\n                    \n                    <img loading=\"lazy\" decoding=\"async\" src=\"https:\/\/scontent-dus1-1.cdninstagram.com\/v\/t51.71878-15\/624950780_1576743326704259_4909343995210902766_n.jpg?stp=cmp1_dst-jpg_e35_s640x640_tt6&#038;_nc_cat=103&#038;ccb=7-5&#038;_nc_sid=18de74&#038;efg=eyJlZmdfdGFnIjoiQ0xJUFMuYmVzdF9pbWFnZV91cmxnZW4uQzMifQ%3D%3D&#038;_nc_ohc=8wnOWKOYDqsQ7kNvwFIYQed&#038;_nc_oc=Adoz2Mi5xygQDfppJko1XdYBplsjTlDwcn4UKknKHNZKxaGoBTtMv3jQMwOuAY2WwpU&#038;_nc_zt=23&#038;_nc_ht=scontent-dus1-1.cdninstagram.com&#038;_nc_gid=O37y2kbr9OZfl0qs0PfVIQ&#038;_nc_ss=7060f&#038;oh=00_Af1aDXPhdfVEpehN0im8_uQdhfawVlXH_1gKNKJ_vEsPDA&#038;oe=69F95862\" width=\"361\" height=\"640\">\n                    <div class=\"icon\"><img decoding=\"async\" src=\"\/wp-content\/uploads\/2024\/06\/instagram.svg\" alt=\"\"><\/div>\n                                            <\/a>\n                    \n                    <div class=\"block block-paragraph gutters\">\n<p>@grottoantico C\u2019\u00e8 un luogo dove il tempo rallenta.<\/p>\n<\/div>                <\/div>\n                            <div class=\"card\">\n                                            <a class=\"url\" target=\"_blank\" href=\"https:\/\/www.instagram.com\/p\/DVar7wcjCYH\/?utm_source=ig_web_copy_link&#038;igsh=MzRlODBiNWFlZA==\" rel=\"noopener\">\n                    \n                    <img loading=\"lazy\" decoding=\"async\" src=\"https:\/\/scontent-dus1-1.cdninstagram.com\/v\/t51.82787-15\/645945160_18511631101073022_502584040012208418_n.jpg?stp=c145.0.438.437a_dst-jpg_e35_s640x640_tt6&#038;_nc_cat=106&#038;ccb=7-5&#038;_nc_sid=18de74&#038;efg=eyJlZmdfdGFnIjoiQ0FST1VTRUxfSVRFTS5iZXN0X2ltYWdlX3VybGdlbi5DMyJ9&#038;_nc_ohc=cBAwg_hFFCkQ7kNvwH_uYV6&#038;_nc_oc=AdrW4efAQYzL0yKm-otR50UhGkCs1FHd_tm0L-pyu7g5prR61f99U34MsNHQ_WzKCAE&#038;_nc_zt=23&#038;_nc_ht=scontent-dus1-1.cdninstagram.com&#038;_nc_gid=1CWa71Waqw5nfcvzwiK1cA&#038;_nc_ss=7060f&#038;oh=00_Af3sYbPmpYTD2xqQXl_wNLdv7ASVNM1yF0dSOiftX-q90g&#038;oe=69F94BDC\" width=\"438\" height=\"437\">\n                    <div class=\"icon\"><img decoding=\"async\" src=\"\/wp-content\/uploads\/2024\/06\/instagram.svg\" alt=\"\"><\/div>\n                                            <\/a>\n                    \n                    <div class=\"block block-paragraph gutters\">\n<p>@hoernlihuettearosa Genuss am Berg<\/p>\n<\/div>                <\/div>\n                            <div class=\"card\">\n                                            <a class=\"url\" target=\"_blank\" href=\"https:\/\/www.instagram.com\/p\/DVF9r_cDtpm\/?utm_source=ig_web_copy_link&#038;igsh=MzRlODBiNWFlZA==\" rel=\"noopener\">\n                    \n                    <img loading=\"lazy\" decoding=\"async\" src=\"https:\/\/scontent-dus1-1.cdninstagram.com\/v\/t51.82787-15\/641265573_18363597484161378_3674272231000407435_n.jpg?stp=c288.0.864.864a_dst-jpg_e35_s640x640_tt6&#038;_nc_cat=103&#038;ccb=7-5&#038;_nc_sid=18de74&#038;efg=eyJlZmdfdGFnIjoiQ0FST1VTRUxfSVRFTS5iZXN0X2ltYWdlX3VybGdlbi5DMyJ9&#038;_nc_ohc=DDA09ED6dGAQ7kNvwEcjnHp&#038;_nc_oc=AdofQplXL7F_RFZfcX4mbvU6CI1ZmhFESmZBios0Kfa-ndPQKKUVYJx1_aAtvsHLAGw&#038;_nc_zt=23&#038;_nc_ht=scontent-dus1-1.cdninstagram.com&#038;_nc_gid=WE-_PWy6kTVF_CjMu-43Vg&#038;_nc_ss=7060f&#038;oh=00_Af1LN_GPQPRSCxY7X-l0ZweVf_1Aa-VmeVrsX4ZsILzxdA&#038;oe=69F96F79\" width=\"640\" height=\"640\">\n                    <div class=\"icon\"><img decoding=\"async\" src=\"\/wp-content\/uploads\/2024\/06\/instagram.svg\" alt=\"\"><\/div>\n                                            <\/a>\n                    \n                    <div class=\"block block-paragraph gutters\">\n<p>@lucide_luzern Regionality, transparency and finely balanced flavors<\/p>\n<\/div>\n\n<div class=\"block block-paragraph gutters\">\n<p><\/p>\n<\/div>                <\/div>\n                            <div class=\"card\">\n                                            <a class=\"url\" target=\"_blank\" href=\"https:\/\/www.instagram.com\/reel\/DVRNMD9DYD3\/?utm_source=ig_web_copy_link&#038;igsh=MzRlODBiNWFlZA==\" rel=\"noopener\">\n                    \n                    <img loading=\"lazy\" decoding=\"async\" src=\"https:\/\/scontent-dus1-1.cdninstagram.com\/v\/t51.71878-15\/641236136_3883422315284238_1441916754283970257_n.jpg?stp=cmp1_dst-jpg_e35_s640x640_tt6&#038;_nc_cat=103&#038;ccb=7-5&#038;_nc_sid=18de74&#038;efg=eyJlZmdfdGFnIjoiQ0xJUFMuYmVzdF9pbWFnZV91cmxnZW4uQzMifQ%3D%3D&#038;_nc_ohc=vMC73J3bWgUQ7kNvwGVs9Ek&#038;_nc_oc=Adq2r0C0oKd-osflWzGDY7hftzlRhhXopmC3AMG0H2bk4ziZxcrajbBIAHPaduyee2Y&#038;_nc_zt=23&#038;_nc_ht=scontent-dus1-1.cdninstagram.com&#038;_nc_gid=8S3YEyXPUPxn4202kjEYHA&#038;_nc_ss=7060f&#038;oh=00_Af17eFYSm5UrggiV9s1WcM34hK4XLF05YFuz7wRYm0re6w&#038;oe=69F952D2\" width=\"361\" height=\"640\">\n                    <div class=\"icon\"><img decoding=\"async\" src=\"\/wp-content\/uploads\/2024\/06\/instagram.svg\" alt=\"\"><\/div>\n                                            <\/a>\n                    \n                    <div class=\"block block-paragraph gutters\">\n<p>@restaurantkroneamsee Terrasse bereit f\u00fcr den Fr\u00fchling<\/p>\n<\/div>\n\n<div class=\"block block-paragraph gutters\">\n<p><\/p>\n<\/div>                <\/div>\n                            <div class=\"card\">\n                                            <a class=\"url\" target=\"_blank\" href=\"https:\/\/www.linkedin.com\/posts\/gastrosuisse_gastrosuisse-an-der-igeho-internationale-activity-7400163305702629376-pktC?utm_source=share&#038;utm_medium=member_desktop&#038;rcm=ACoAADVPBZMBjkNlVSu3yNUvucd0d2a0SK9U9FI\" rel=\"noopener\">\n                    \n                    <img loading=\"lazy\" decoding=\"async\" src=\"https:\/\/dms.licdn.com\/playlist\/vid\/v2\/D4D05AQEsB0eLUTTLoQ\/thumbnail-with-play-button-overlay-high\/B4DZrKpLPeJ4DM-\/0\/1764336403858?e=2147483647&#038;v=beta&#038;t=AdO2opOOu17EBn14JHWYjvEhrazqY7vnJrncaC5p5U4\" width=\"1280\" height=\"720\"\/>\n                    <div class=\"icon\"><img decoding=\"async\" src=\"\/wp-content\/uploads\/2024\/05\/linkedin.svg\" alt=\"\"><\/div>\n                                            <\/a>\n                    \n                    <div class=\"block block-paragraph gutters\">\n<p>@igeho Der Branchentreffpunkt<\/p>\n<\/div>                <\/div>\n                            <div class=\"card\">\n                                            <a class=\"url\" target=\"_blank\" href=\"https:\/\/www.instagram.com\/p\/DR43aoLjYgz\/?utm_source=ig_web_copy_link&#038;igsh=MzRlODBiNWFlZA==\" rel=\"noopener\">\n                    \n                    <img loading=\"lazy\" decoding=\"async\" src=\"https:\/\/scontent-dus1-1.cdninstagram.com\/v\/t39.30808-6\/584549105_1479408970313618_2641177829196828606_n.jpg?stp=c256.0.768.768a_dst-jpg_e35_s640x640_tt6&#038;_nc_cat=102&#038;ccb=7-5&#038;_nc_sid=18de74&#038;efg=eyJlZmdfdGFnIjoiQ0FST1VTRUxfSVRFTS5iZXN0X2ltYWdlX3VybGdlbi5DMyJ9&#038;_nc_ohc=vTJxo89ptNgQ7kNvwFlTzgV&#038;_nc_oc=Adp0FYK13kSLEs60sbvWaQ1lqUa48eDf8OA7GAPyjL5gVi8t3Gw7hKz33z3HJB3WP4o&#038;_nc_zt=23&#038;_nc_ht=scontent-dus1-1.cdninstagram.com&#038;_nc_gid=KfKV4Zsds466KeStIgryKg&#038;_nc_ss=7060f&#038;oh=00_Af2Z9sq10Bvko2vuPrcetzr7fgrrHQZGOCyo3T5SHIzKDg&#038;oe=69F95E17\" width=\"640\" height=\"640\">\n                    <div class=\"icon\"><img decoding=\"async\" src=\"\/wp-content\/uploads\/2024\/06\/instagram.svg\" alt=\"\"><\/div>\n                                            <\/a>\n                    \n                    <div class=\"block block-paragraph gutters\">\n<p>@thegalaaxy Enjoy the view and fresh air<\/p>\n<\/div>                <\/div>\n                            <div class=\"card\">\n                                            <a class=\"url\" target=\"_blank\" href=\"https:\/\/www.instagram.com\/p\/DRzmPSOjBDf\/?utm_source=ig_web_copy_link&#038;igsh=MzRlODBiNWFlZA==\" rel=\"noopener\">\n                    \n                    <img loading=\"lazy\" decoding=\"async\" src=\"https:\/\/scontent-dus1-1.cdninstagram.com\/v\/t51.82787-15\/589071827_18202817233319449_2319571636982801617_n.jpg?stp=c288.0.864.864a_dst-jpg_e35_s640x640_tt6&#038;_nc_cat=110&#038;ccb=7-5&#038;_nc_sid=18de74&#038;efg=eyJlZmdfdGFnIjoiRkVFRC5iZXN0X2ltYWdlX3VybGdlbi5DMyJ9&#038;_nc_ohc=opYdx7UrJ-oQ7kNvwGtNJLZ&#038;_nc_oc=AdpYFTPpzzTPVjdWuaX0RhSqE0cLtkHUtiY7oRELsHElj7bAvTZonxKNwUg4RIyeNTM&#038;_nc_zt=23&#038;_nc_ht=scontent-dus1-1.cdninstagram.com&#038;_nc_gid=KnuiHpHCIwBXxJRADnuujQ&#038;_nc_ss=7060f&#038;oh=00_Af09zbmbgO4Y4PhF7IcefQOeLfMmyQPks-BUe9s2r3OTxA&#038;oe=69F957E7\" width=\"640\" height=\"640\">\n                    <div class=\"icon\"><img decoding=\"async\" src=\"\/wp-content\/uploads\/2024\/06\/instagram.svg\" alt=\"\"><\/div>\n                                            <\/a>\n                    \n                    <div class=\"block block-paragraph gutters\">\n<p>@atelier_classic_bar Santa&rsquo;s Eggnog <\/p>\n<\/div>                <\/div>\n                    <\/div>\n                    <div class=\"load-more-wrapper\">\n                <button class=\"load-more\">Charger plus<\/button>\n            <\/div>\n            <\/div>\n<\/section>\n\n<div class=\"block block-paragraph gutters\">\n<p><\/p>\n<\/div>","protected":false},"excerpt":{"rendered":"","protected":false},"author":3,"featured_media":0,"parent":0,"menu_order":0,"comment_status":"closed","ping_status":"closed","template":"","meta":{"_acf_changed":false,"footnotes":""},"class_list":["post-1218","page","type-page","status-publish","hentry"],"acf":[],"_links":{"self":[{"href":"https:\/\/www.avanti.swiss\/fr\/wp-json\/wp\/v2\/pages\/1218","targetHints":{"allow":["GET"]}}],"collection":[{"href":"https:\/\/www.avanti.swiss\/fr\/wp-json\/wp\/v2\/pages"}],"about":[{"href":"https:\/\/www.avanti.swiss\/fr\/wp-json\/wp\/v2\/types\/page"}],"author":[{"embeddable":true,"href":"https:\/\/www.avanti.swiss\/fr\/wp-json\/wp\/v2\/users\/3"}],"replies":[{"embeddable":true,"href":"https:\/\/www.avanti.swiss\/fr\/wp-json\/wp\/v2\/comments?post=1218"}],"version-history":[{"count":13,"href":"https:\/\/www.avanti.swiss\/fr\/wp-json\/wp\/v2\/pages\/1218\/revisions"}],"predecessor-version":[{"id":2324,"href":"https:\/\/www.avanti.swiss\/fr\/wp-json\/wp\/v2\/pages\/1218\/revisions\/2324"}],"wp:attachment":[{"href":"https:\/\/www.avanti.swiss\/fr\/wp-json\/wp\/v2\/media?parent=1218"}],"curies":[{"name":"wp","href":"https:\/\/api.w.org\/{rel}","templated":true}]}}